{"id":214,"date":"2023-12-20T00:10:21","date_gmt":"2023-12-20T00:10:21","guid":{"rendered":"https:\/\/www.zakx.com.mx\/?page_id=214"},"modified":"2024-03-13T19:35:41","modified_gmt":"2024-03-13T19:35:41","slug":"bolsas-de-papel","status":"publish","type":"page","link":"https:\/\/www.zakx.com.mx\/?page_id=214","title":{"rendered":"Bolsas de papel"},"content":{"rendered":"\t\t<div data-elementor-type=\"wp-page\" data-elementor-id=\"214\" class=\"elementor elementor-214\">\n\t\t\t\t<div class=\"elementor-element elementor-element-3f0b1c0 e-con-full e-flex e-con e-parent\" data-id=\"3f0b1c0\" data-element_type=\"container\" data-e-type=\"container\" data-settings=\"{&quot;background_background&quot;:&quot;classic&quot;}\">\n\t\t<div class=\"elementor-element elementor-element-77733ad e-flex e-con-boxed e-con e-child\" data-id=\"77733ad\" data-element_type=\"container\" data-e-type=\"container\">\n\t\t\t\t\t<div class=\"e-con-inner\">\n\t\t\t\t<div class=\"elementor-element elementor-element-2dbc5c8 elementor-widget elementor-widget-heading\" data-id=\"2dbc5c8\" data-element_type=\"widget\" data-e-type=\"widget\" data-widget_type=\"heading.default\">\n\t\t\t\t<div class=\"elementor-widget-container\">\n\t\t\t\t\t<h2 class=\"elementor-heading-title elementor-size-default\">bolsas de papel<\/h2>\t\t\t\t<\/div>\n\t\t\t\t<\/div>\n\t\t\t\t\t<\/div>\n\t\t\t\t<\/div>\n\t\t\t\t<\/div>\n\t\t<div class=\"elementor-element elementor-element-8755610 e-flex e-con-boxed e-con e-parent\" data-id=\"8755610\" data-element_type=\"container\" data-e-type=\"container\" data-settings=\"{&quot;background_background&quot;:&quot;classic&quot;}\">\n\t\t\t\t\t<div class=\"e-con-inner\">\n\t\t<div class=\"elementor-element elementor-element-a074733 e-con-full e-flex e-con e-child\" data-id=\"a074733\" data-element_type=\"container\" data-e-type=\"container\">\n\t\t\t\t<div class=\"elementor-element elementor-element-6738c34 elementor-widget elementor-widget-heading\" data-id=\"6738c34\" data-element_type=\"widget\" data-e-type=\"widget\" data-widget_type=\"heading.default\">\n\t\t\t\t<div class=\"elementor-widget-container\">\n\t\t\t\t\t<h2 class=\"elementor-heading-title elementor-size-default\">Tama\u00f1o y dise\u00f1o personalizado<\/h2>\t\t\t\t<\/div>\n\t\t\t\t<\/div>\n\t\t\t\t<div class=\"elementor-element elementor-element-5673dc4 elementor-widget elementor-widget-text-editor\" data-id=\"5673dc4\" data-element_type=\"widget\" data-e-type=\"widget\" data-widget_type=\"text-editor.default\">\n\t\t\t\t<div class=\"elementor-widget-container\">\n\t\t\t\t\t\t\t\t\t<p>Fabricamos cualquier tama\u00f1o requerido, impresi\u00f3n offset desde una tinta hasta selecci\u00f3n a color, asas de cord\u00f3n torcido, macrame, list\u00f3n, popotillo, etc.<\/p>\t\t\t\t\t\t\t\t<\/div>\n\t\t\t\t<\/div>\n\t\t\t\t<\/div>\n\t\t\t\t\t<\/div>\n\t\t\t\t<\/div>\n\t\t<div class=\"elementor-element elementor-element-e62723d e-flex e-con-boxed e-con e-parent\" data-id=\"e62723d\" data-element_type=\"container\" data-e-type=\"container\" data-settings=\"{&quot;background_background&quot;:&quot;classic&quot;}\">\n\t\t\t\t\t<div class=\"e-con-inner\">\n\t\t<div class=\"elementor-element elementor-element-b4a6268 e-con-full e-flex e-con e-child\" data-id=\"b4a6268\" data-element_type=\"container\" data-e-type=\"container\">\n\t\t\t\t<div class=\"elementor-element elementor-element-3daaad4 elementor-widget elementor-widget-heading\" data-id=\"3daaad4\" data-element_type=\"widget\" data-e-type=\"widget\" data-widget_type=\"heading.default\">\n\t\t\t\t<div class=\"elementor-widget-container\">\n\t\t\t\t\t<h2 class=\"elementor-heading-title elementor-size-default\">Nuestos productos<\/h2>\t\t\t\t<\/div>\n\t\t\t\t<\/div>\n\t\t\t\t<\/div>\n\t\t\t\t\t<\/div>\n\t\t\t\t<\/div>\n\t\t<div class=\"elementor-element elementor-element-244749e e-flex e-con-boxed e-con e-parent\" data-id=\"244749e\" data-element_type=\"container\" data-e-type=\"container\" data-settings=\"{&quot;background_background&quot;:&quot;classic&quot;}\">\n\t\t\t\t\t<div class=\"e-con-inner\">\n\t\t<div class=\"elementor-element elementor-element-54312f9 e-con-full e-flex e-con e-child\" data-id=\"54312f9\" data-element_type=\"container\" data-e-type=\"container\">\n\t\t\t\t<div class=\"elementor-element elementor-element-f545285 elementor-position-top elementor-widget elementor-widget-image-box\" data-id=\"f545285\" data-element_type=\"widget\" data-e-type=\"widget\" data-widget_type=\"image-box.default\">\n\t\t\t\t<div class=\"elementor-widget-container\">\n\t\t\t\t\t<div class=\"elementor-image-box-wrapper\"><figure class=\"elementor-image-box-img\"><img fetchpriority=\"high\" decoding=\"async\" width=\"1200\" height=\"1200\" src=\"https:\/\/www.zakx.com.mx\/wp-content\/uploads\/2024\/01\/Manuales-Papel-Bond-1.jpg\" class=\"attachment-full size-full wp-image-457\" alt=\"\" srcset=\"https:\/\/www.zakx.com.mx\/wp-content\/uploads\/2024\/01\/Manuales-Papel-Bond-1.jpg 1200w, https:\/\/www.zakx.com.mx\/wp-content\/uploads\/2024\/01\/Manuales-Papel-Bond-1-300x300.jpg 300w, https:\/\/www.zakx.com.mx\/wp-content\/uploads\/2024\/01\/Manuales-Papel-Bond-1-1024x1024.jpg 1024w, https:\/\/www.zakx.com.mx\/wp-content\/uploads\/2024\/01\/Manuales-Papel-Bond-1-150x150.jpg 150w, https:\/\/www.zakx.com.mx\/wp-content\/uploads\/2024\/01\/Manuales-Papel-Bond-1-768x768.jpg 768w, https:\/\/www.zakx.com.mx\/wp-content\/uploads\/2024\/01\/Manuales-Papel-Bond-1-600x600.jpg 600w\" sizes=\"(max-width: 1200px) 100vw, 1200px\" \/><\/figure><div class=\"elementor-image-box-content\"><h3 class=\"elementor-image-box-title\">PAPEL BOND<\/h3><\/div><\/div>\t\t\t\t<\/div>\n\t\t\t\t<\/div>\n\t\t\t\t<\/div>\n\t\t<div class=\"elementor-element elementor-element-ea618e3 e-con-full e-flex e-con e-child\" data-id=\"ea618e3\" data-element_type=\"container\" data-e-type=\"container\">\n\t\t\t\t<div class=\"elementor-element elementor-element-5ce6dbe elementor-position-top elementor-widget elementor-widget-image-box\" data-id=\"5ce6dbe\" data-element_type=\"widget\" data-e-type=\"widget\" data-widget_type=\"image-box.default\">\n\t\t\t\t<div class=\"elementor-widget-container\">\n\t\t\t\t\t<div class=\"elementor-image-box-wrapper\"><figure class=\"elementor-image-box-img\"><img decoding=\"async\" width=\"1200\" height=\"1200\" src=\"https:\/\/www.zakx.com.mx\/wp-content\/uploads\/2024\/01\/Manuales-Papel-Couche-asa-de-algodon-2.jpg\" class=\"attachment-full size-full wp-image-458\" alt=\"\" srcset=\"https:\/\/www.zakx.com.mx\/wp-content\/uploads\/2024\/01\/Manuales-Papel-Couche-asa-de-algodon-2.jpg 1200w, https:\/\/www.zakx.com.mx\/wp-content\/uploads\/2024\/01\/Manuales-Papel-Couche-asa-de-algodon-2-300x300.jpg 300w, https:\/\/www.zakx.com.mx\/wp-content\/uploads\/2024\/01\/Manuales-Papel-Couche-asa-de-algodon-2-1024x1024.jpg 1024w, https:\/\/www.zakx.com.mx\/wp-content\/uploads\/2024\/01\/Manuales-Papel-Couche-asa-de-algodon-2-150x150.jpg 150w, https:\/\/www.zakx.com.mx\/wp-content\/uploads\/2024\/01\/Manuales-Papel-Couche-asa-de-algodon-2-768x768.jpg 768w, https:\/\/www.zakx.com.mx\/wp-content\/uploads\/2024\/01\/Manuales-Papel-Couche-asa-de-algodon-2-600x600.jpg 600w\" sizes=\"(max-width: 1200px) 100vw, 1200px\" \/><\/figure><div class=\"elementor-image-box-content\"><h3 class=\"elementor-image-box-title\">COUCH\u00c9<\/h3><p class=\"elementor-image-box-description\">Asa de algod\u00f3n<\/p><\/div><\/div>\t\t\t\t<\/div>\n\t\t\t\t<\/div>\n\t\t\t\t<\/div>\n\t\t<div class=\"elementor-element elementor-element-16f5da9 e-con-full e-flex e-con e-child\" data-id=\"16f5da9\" data-element_type=\"container\" data-e-type=\"container\">\n\t\t\t\t<div class=\"elementor-element elementor-element-56a8629 elementor-position-top elementor-widget elementor-widget-image-box\" data-id=\"56a8629\" data-element_type=\"widget\" data-e-type=\"widget\" data-widget_type=\"image-box.default\">\n\t\t\t\t<div class=\"elementor-widget-container\">\n\t\t\t\t\t<div class=\"elementor-image-box-wrapper\"><figure class=\"elementor-image-box-img\"><img decoding=\"async\" width=\"2000\" height=\"2000\" src=\"https:\/\/www.zakx.com.mx\/wp-content\/uploads\/2024\/01\/Manuales-Papel-couche-asa-de-liston-1.jpg\" class=\"attachment-full size-full wp-image-459\" alt=\"\" srcset=\"https:\/\/www.zakx.com.mx\/wp-content\/uploads\/2024\/01\/Manuales-Papel-couche-asa-de-liston-1.jpg 2000w, https:\/\/www.zakx.com.mx\/wp-content\/uploads\/2024\/01\/Manuales-Papel-couche-asa-de-liston-1-300x300.jpg 300w, https:\/\/www.zakx.com.mx\/wp-content\/uploads\/2024\/01\/Manuales-Papel-couche-asa-de-liston-1-1024x1024.jpg 1024w, https:\/\/www.zakx.com.mx\/wp-content\/uploads\/2024\/01\/Manuales-Papel-couche-asa-de-liston-1-150x150.jpg 150w, https:\/\/www.zakx.com.mx\/wp-content\/uploads\/2024\/01\/Manuales-Papel-couche-asa-de-liston-1-768x768.jpg 768w, https:\/\/www.zakx.com.mx\/wp-content\/uploads\/2024\/01\/Manuales-Papel-couche-asa-de-liston-1-1536x1536.jpg 1536w, https:\/\/www.zakx.com.mx\/wp-content\/uploads\/2024\/01\/Manuales-Papel-couche-asa-de-liston-1-600x600.jpg 600w\" sizes=\"(max-width: 2000px) 100vw, 2000px\" \/><\/figure><div class=\"elementor-image-box-content\"><h3 class=\"elementor-image-box-title\">COUCH\u00c9<\/h3><p class=\"elementor-image-box-description\">Asa de List\u00f3n<\/p><\/div><\/div>\t\t\t\t<\/div>\n\t\t\t\t<\/div>\n\t\t\t\t<\/div>\n\t\t\t\t\t<\/div>\n\t\t\t\t<\/div>\n\t\t<div class=\"elementor-element elementor-element-974effa e-flex e-con-boxed e-con e-parent\" data-id=\"974effa\" data-element_type=\"container\" data-e-type=\"container\" data-settings=\"{&quot;background_background&quot;:&quot;classic&quot;}\">\n\t\t\t\t\t<div class=\"e-con-inner\">\n\t\t<div class=\"elementor-element elementor-element-a9a4532 e-con-full e-flex e-con e-child\" data-id=\"a9a4532\" data-element_type=\"container\" data-e-type=\"container\">\n\t\t\t\t<div class=\"elementor-element elementor-element-8afd851 elementor-position-top elementor-widget elementor-widget-image-box\" data-id=\"8afd851\" data-element_type=\"widget\" data-e-type=\"widget\" data-widget_type=\"image-box.default\">\n\t\t\t\t<div class=\"elementor-widget-container\">\n\t\t\t\t\t<div class=\"elementor-image-box-wrapper\"><figure class=\"elementor-image-box-img\"><img loading=\"lazy\" decoding=\"async\" width=\"1200\" height=\"1200\" src=\"https:\/\/www.zakx.com.mx\/wp-content\/uploads\/2024\/01\/Manuales-Papel-especial-1.jpg\" class=\"attachment-full size-full wp-image-460\" alt=\"\" srcset=\"https:\/\/www.zakx.com.mx\/wp-content\/uploads\/2024\/01\/Manuales-Papel-especial-1.jpg 1200w, https:\/\/www.zakx.com.mx\/wp-content\/uploads\/2024\/01\/Manuales-Papel-especial-1-300x300.jpg 300w, https:\/\/www.zakx.com.mx\/wp-content\/uploads\/2024\/01\/Manuales-Papel-especial-1-1024x1024.jpg 1024w, https:\/\/www.zakx.com.mx\/wp-content\/uploads\/2024\/01\/Manuales-Papel-especial-1-150x150.jpg 150w, https:\/\/www.zakx.com.mx\/wp-content\/uploads\/2024\/01\/Manuales-Papel-especial-1-768x768.jpg 768w, https:\/\/www.zakx.com.mx\/wp-content\/uploads\/2024\/01\/Manuales-Papel-especial-1-600x600.jpg 600w\" sizes=\"(max-width: 1200px) 100vw, 1200px\" \/><\/figure><div class=\"elementor-image-box-content\"><h3 class=\"elementor-image-box-title\">PAPEL ESPECIAL<\/h3><\/div><\/div>\t\t\t\t<\/div>\n\t\t\t\t<\/div>\n\t\t\t\t<\/div>\n\t\t<div class=\"elementor-element elementor-element-5d2548f e-con-full e-flex e-con e-child\" data-id=\"5d2548f\" data-element_type=\"container\" data-e-type=\"container\">\n\t\t\t\t<div class=\"elementor-element elementor-element-1556758 elementor-position-top elementor-widget elementor-widget-image-box\" data-id=\"1556758\" data-element_type=\"widget\" data-e-type=\"widget\" data-widget_type=\"image-box.default\">\n\t\t\t\t<div class=\"elementor-widget-container\">\n\t\t\t\t\t<div class=\"elementor-image-box-wrapper\"><figure class=\"elementor-image-box-img\"><img loading=\"lazy\" decoding=\"async\" width=\"1200\" height=\"1200\" src=\"https:\/\/www.zakx.com.mx\/wp-content\/uploads\/2024\/01\/Manuales-Papel-Kraft-1.jpg\" class=\"attachment-full size-full wp-image-461\" alt=\"\" srcset=\"https:\/\/www.zakx.com.mx\/wp-content\/uploads\/2024\/01\/Manuales-Papel-Kraft-1.jpg 1200w, https:\/\/www.zakx.com.mx\/wp-content\/uploads\/2024\/01\/Manuales-Papel-Kraft-1-300x300.jpg 300w, https:\/\/www.zakx.com.mx\/wp-content\/uploads\/2024\/01\/Manuales-Papel-Kraft-1-1024x1024.jpg 1024w, https:\/\/www.zakx.com.mx\/wp-content\/uploads\/2024\/01\/Manuales-Papel-Kraft-1-150x150.jpg 150w, https:\/\/www.zakx.com.mx\/wp-content\/uploads\/2024\/01\/Manuales-Papel-Kraft-1-768x768.jpg 768w, https:\/\/www.zakx.com.mx\/wp-content\/uploads\/2024\/01\/Manuales-Papel-Kraft-1-600x600.jpg 600w\" sizes=\"(max-width: 1200px) 100vw, 1200px\" \/><\/figure><div class=\"elementor-image-box-content\"><h3 class=\"elementor-image-box-title\">KRAFT<\/h3><\/div><\/div>\t\t\t\t<\/div>\n\t\t\t\t<\/div>\n\t\t\t\t<\/div>\n\t\t\t\t\t<\/div>\n\t\t\t\t<\/div>\n\t\t<div class=\"elementor-element elementor-element-8143282 e-flex e-con-boxed e-con e-parent\" data-id=\"8143282\" data-element_type=\"container\" data-e-type=\"container\" id=\"contacto\">\n\t\t\t\t\t<div class=\"e-con-inner\">\n\t\t\t\t<div class=\"elementor-element elementor-element-4c1e61b elementor-widget elementor-widget-heading\" data-id=\"4c1e61b\" data-element_type=\"widget\" data-e-type=\"widget\" data-widget_type=\"heading.default\">\n\t\t\t\t<div class=\"elementor-widget-container\">\n\t\t\t\t\t<h2 class=\"elementor-heading-title elementor-size-default\">Cont\u00e1ctanos<\/h2>\t\t\t\t<\/div>\n\t\t\t\t<\/div>\n\t\t\t\t\t<\/div>\n\t\t\t\t<\/div>\n\t\t<div class=\"elementor-element elementor-element-9f5af49 e-flex e-con-boxed e-con e-parent\" data-id=\"9f5af49\" data-element_type=\"container\" data-e-type=\"container\">\n\t\t\t\t\t<div class=\"e-con-inner\">\n\t\t<div class=\"elementor-element elementor-element-1677cc5 e-con-full e-flex e-con e-child\" data-id=\"1677cc5\" data-element_type=\"container\" data-e-type=\"container\">\n\t\t\t\t<div class=\"elementor-element elementor-element-ecdd508 elementor-widget elementor-widget-text-editor\" data-id=\"ecdd508\" data-element_type=\"widget\" data-e-type=\"widget\" data-widget_type=\"text-editor.default\">\n\t\t\t\t<div class=\"elementor-widget-container\">\n\t\t\t\t\t\t\t\t\t<h2><em><strong>\u00a1Nos encantar\u00eda escucharte y estar en contacto contigo!.<\/strong><br><\/em><\/h2>\n<p><strong>Informaci\u00f3n de Contacto:<\/strong><\/p>\n<p><strong>Tel\u00e9fono:<\/strong>&nbsp;55 6878 8977<br><strong>Correo Electr\u00f3nico:&nbsp;<\/strong><a style=\"font-size: 14px; background-color: #ffffff;\" href=\"mailto:contacto@zakx.com.mx\">contacto@zakx.com.mx<\/a><\/p>\n<p><strong>Horario de Atenci\u00f3n:<\/strong> <br>Lunes a Viernes: 9:00 AM &#8211; 6:00 PM<\/p>\t\t\t\t\t\t\t\t<\/div>\n\t\t\t\t<\/div>\n\t\t\t\t<\/div>\n\t\t<div class=\"elementor-element elementor-element-8df5098 e-con-full e-flex e-con e-child\" data-id=\"8df5098\" data-element_type=\"container\" data-e-type=\"container\">\n\t\t\t\t<div class=\"elementor-element elementor-element-2640249 elementor-widget elementor-widget-html\" data-id=\"2640249\" data-element_type=\"widget\" data-e-type=\"widget\" data-widget_type=\"html.default\">\n\t\t\t\t<div class=\"elementor-widget-container\">\n\t\t\t\t\t<!-- form.123formbuilder.com script begins here -->\n<script type=\"text\/javascript\" defer src=\"https:\/\/form.123formbuilder.com\/embed\/6579268.js\" data-role=\"form\" data-default-width=\"800px\" data-custom-vars=\"hasEmbedFormStyle=1&hasTransparentBg=1\"><\/script>\n<!-- form.123formbuilder.com script ends here -->\t\t\t\t<\/div>\n\t\t\t\t<\/div>\n\t\t\t\t<\/div>\n\t\t\t\t\t<\/div>\n\t\t\t\t<\/div>\n\t\t<div class=\"elementor-element elementor-element-1405ea6 e-flex e-con-boxed e-con e-parent\" data-id=\"1405ea6\" data-element_type=\"container\" data-e-type=\"container\">\n\t\t\t\t\t<div class=\"e-con-inner\">\n\t\t\t\t<div class=\"elementor-element elementor-element-b09b369 elementor-widget elementor-widget-google_maps\" data-id=\"b09b369\" data-element_type=\"widget\" data-e-type=\"widget\" data-widget_type=\"google_maps.default\">\n\t\t\t\t<div class=\"elementor-widget-container\">\n\t\t\t\t\t\t\t<div class=\"elementor-custom-embed\">\n\t\t\t<iframe loading=\"lazy\"\n\t\t\t\t\tsrc=\"https:\/\/maps.google.com\/maps?q=zakx&#038;t=m&#038;z=15&#038;output=embed&#038;iwloc=near\"\n\t\t\t\t\ttitle=\"zakx\"\n\t\t\t\t\taria-label=\"zakx\"\n\t\t\t><\/iframe>\n\t\t<\/div>\n\t\t\t\t\t\t<\/div>\n\t\t\t\t<\/div>\n\t\t\t\t\t<\/div>\n\t\t\t\t<\/div>\n\t\t\t\t<\/div>\n\t\t","protected":false},"excerpt":{"rendered":"<p>bolsas de papel Tama\u00f1o y dise\u00f1o personalizado Fabricamos cualquier tama\u00f1o requerido, impresi\u00f3n offset desde una tinta hasta selecci\u00f3n a color, asas de cord\u00f3n torcido, macrame, list\u00f3n, popotillo, etc. Nuestos productos PAPEL BOND COUCH\u00c9 Asa de algod\u00f3n COUCH\u00c9 Asa de List\u00f3n PAPEL ESPECIAL KRAFT Cont\u00e1ctanos \u00a1Nos encantar\u00eda escucharte y estar en contacto contigo!. Informaci\u00f3n de Contacto: [&hellip;]<\/p>\n","protected":false},"author":1,"featured_media":0,"parent":0,"menu_order":0,"comment_status":"closed","ping_status":"closed","template":"elementor_header_footer","meta":{"ocean_post_layout":"","ocean_both_sidebars_style":"","ocean_both_sidebars_content_width":0,"ocean_both_sidebars_sidebars_width":0,"ocean_sidebar":"","ocean_second_sidebar":"","ocean_disable_margins":"enable","ocean_add_body_class":"","ocean_shortcode_before_top_bar":"","ocean_shortcode_after_top_bar":"","ocean_shortcode_before_header":"","ocean_shortcode_after_header":"","ocean_has_shortcode":"","ocean_shortcode_after_title":"","ocean_shortcode_before_footer_widgets":"","ocean_shortcode_after_footer_widgets":"","ocean_shortcode_before_footer_bottom":"","ocean_shortcode_after_footer_bottom":"","ocean_display_top_bar":"default","ocean_display_header":"default","ocean_header_style":"","ocean_center_header_left_menu":"","ocean_custom_header_template":"","ocean_custom_logo":0,"ocean_custom_retina_logo":0,"ocean_custom_logo_max_width":0,"ocean_custom_logo_tablet_max_width":0,"ocean_custom_logo_mobile_max_width":0,"ocean_custom_logo_max_height":0,"ocean_custom_logo_tablet_max_height":0,"ocean_custom_logo_mobile_max_height":0,"ocean_header_custom_menu":"","ocean_menu_typo_font_family":"","ocean_menu_typo_font_subset":"","ocean_menu_typo_font_size":0,"ocean_menu_typo_font_size_tablet":0,"ocean_menu_typo_font_size_mobile":0,"ocean_menu_typo_font_size_unit":"px","ocean_menu_typo_font_weight":"","ocean_menu_typo_font_weight_tablet":"","ocean_menu_typo_font_weight_mobile":"","ocean_menu_typo_transform":"","ocean_menu_typo_transform_tablet":"","ocean_menu_typo_transform_mobile":"","ocean_menu_typo_line_height":0,"ocean_menu_typo_line_height_tablet":0,"ocean_menu_typo_line_height_mobile":0,"ocean_menu_typo_line_height_unit":"","ocean_menu_typo_spacing":0,"ocean_menu_typo_spacing_tablet":0,"ocean_menu_typo_spacing_mobile":0,"ocean_menu_typo_spacing_unit":"","ocean_menu_link_color":"","ocean_menu_link_color_hover":"","ocean_menu_link_color_active":"","ocean_menu_link_background":"","ocean_menu_link_hover_background":"","ocean_menu_link_active_background":"","ocean_menu_social_links_bg":"","ocean_menu_social_hover_links_bg":"","ocean_menu_social_links_color":"","ocean_menu_social_hover_links_color":"","ocean_disable_title":"default","ocean_disable_heading":"default","ocean_post_title":"","ocean_post_subheading":"","ocean_post_title_style":"","ocean_post_title_background_color":"","ocean_post_title_background":0,"ocean_post_title_bg_image_position":"","ocean_post_title_bg_image_attachment":"","ocean_post_title_bg_image_repeat":"","ocean_post_title_bg_image_size":"","ocean_post_title_height":0,"ocean_post_title_bg_overlay":0.5,"ocean_post_title_bg_overlay_color":"","ocean_disable_breadcrumbs":"default","ocean_breadcrumbs_color":"","ocean_breadcrumbs_separator_color":"","ocean_breadcrumbs_links_color":"","ocean_breadcrumbs_links_hover_color":"","ocean_display_footer_widgets":"default","ocean_display_footer_bottom":"default","ocean_custom_footer_template":"","footnotes":""},"class_list":["post-214","page","type-page","status-publish","hentry","entry"],"_links":{"self":[{"href":"https:\/\/www.zakx.com.mx\/index.php?rest_route=\/wp\/v2\/pages\/214","targetHints":{"allow":["GET"]}}],"collection":[{"href":"https:\/\/www.zakx.com.mx\/index.php?rest_route=\/wp\/v2\/pages"}],"about":[{"href":"https:\/\/www.zakx.com.mx\/index.php?rest_route=\/wp\/v2\/types\/page"}],"author":[{"embeddable":true,"href":"https:\/\/www.zakx.com.mx\/index.php?rest_route=\/wp\/v2\/users\/1"}],"replies":[{"embeddable":true,"href":"https:\/\/www.zakx.com.mx\/index.php?rest_route=%2Fwp%2Fv2%2Fcomments&post=214"}],"version-history":[{"count":43,"href":"https:\/\/www.zakx.com.mx\/index.php?rest_route=\/wp\/v2\/pages\/214\/revisions"}],"predecessor-version":[{"id":718,"href":"https:\/\/www.zakx.com.mx\/index.php?rest_route=\/wp\/v2\/pages\/214\/revisions\/718"}],"wp:attachment":[{"href":"https:\/\/www.zakx.com.mx\/index.php?rest_route=%2Fwp%2Fv2%2Fmedia&parent=214"}],"curies":[{"name":"wp","href":"https:\/\/api.w.org\/{rel}","templated":true}]}}