{"id":216,"date":"2023-12-20T00:10:21","date_gmt":"2023-12-20T00:10:21","guid":{"rendered":"https:\/\/www.zakx.com.mx\/?page_id=216"},"modified":"2024-03-13T19:35:53","modified_gmt":"2024-03-13T19:35:53","slug":"bolsas-ecologicas","status":"publish","type":"page","link":"https:\/\/www.zakx.com.mx\/?page_id=216","title":{"rendered":"Bolsas Ecol\u00f3gicas"},"content":{"rendered":"\t\t<div data-elementor-type=\"wp-page\" data-elementor-id=\"216\" class=\"elementor elementor-216\">\n\t\t\t\t<div class=\"elementor-element elementor-element-78778981 e-con-full e-flex e-con e-parent\" data-id=\"78778981\" data-element_type=\"container\" data-e-type=\"container\" data-settings=\"{&quot;background_background&quot;:&quot;classic&quot;}\">\n\t\t<div class=\"elementor-element elementor-element-3e40e6f0 e-flex e-con-boxed e-con e-child\" data-id=\"3e40e6f0\" data-element_type=\"container\" data-e-type=\"container\">\n\t\t\t\t\t<div class=\"e-con-inner\">\n\t\t\t\t<div class=\"elementor-element elementor-element-1c154473 elementor-widget elementor-widget-heading\" data-id=\"1c154473\" data-element_type=\"widget\" data-e-type=\"widget\" data-widget_type=\"heading.default\">\n\t\t\t\t<div class=\"elementor-widget-container\">\n\t\t\t\t\t<h2 class=\"elementor-heading-title elementor-size-default\">bolsas ecol\u00f3gicas<\/h2>\t\t\t\t<\/div>\n\t\t\t\t<\/div>\n\t\t\t\t\t<\/div>\n\t\t\t\t<\/div>\n\t\t\t\t<\/div>\n\t\t<div class=\"elementor-element elementor-element-21a4ffd e-flex e-con-boxed e-con e-parent\" data-id=\"21a4ffd\" data-element_type=\"container\" data-e-type=\"container\" data-settings=\"{&quot;background_background&quot;:&quot;classic&quot;}\">\n\t\t\t\t\t<div class=\"e-con-inner\">\n\t\t<div class=\"elementor-element elementor-element-627d97d8 e-con-full e-flex e-con e-child\" data-id=\"627d97d8\" data-element_type=\"container\" data-e-type=\"container\">\n\t\t\t\t<div class=\"elementor-element elementor-element-48d93892 elementor-widget elementor-widget-heading\" data-id=\"48d93892\" data-element_type=\"widget\" data-e-type=\"widget\" data-widget_type=\"heading.default\">\n\t\t\t\t<div class=\"elementor-widget-container\">\n\t\t\t\t\t<h2 class=\"elementor-heading-title elementor-size-default\">Tama\u00f1o y dise\u00f1o personalizado<\/h2>\t\t\t\t<\/div>\n\t\t\t\t<\/div>\n\t\t\t\t<div class=\"elementor-element elementor-element-61c191b1 elementor-widget elementor-widget-text-editor\" data-id=\"61c191b1\" data-element_type=\"widget\" data-e-type=\"widget\" data-widget_type=\"text-editor.default\">\n\t\t\t\t<div class=\"elementor-widget-container\">\n\t\t\t\t\t\t\t\t\tElaboradas en diversos tipos de materiales y tama\u00f1os, con impresi\u00f3n en serigraf\u00eda o selecci\u00f3n a color y plastificadas, con asas del mismo material de la bolsa o de acuerdo a la necesidad del cliente. \n\t\t\t\t\t\t\t\t<\/div>\n\t\t\t\t<\/div>\n\t\t\t\t<\/div>\n\t\t\t\t\t<\/div>\n\t\t\t\t<\/div>\n\t\t<div class=\"elementor-element elementor-element-127f9054 e-flex e-con-boxed e-con e-parent\" data-id=\"127f9054\" data-element_type=\"container\" data-e-type=\"container\" data-settings=\"{&quot;background_background&quot;:&quot;classic&quot;}\">\n\t\t\t\t\t<div class=\"e-con-inner\">\n\t\t<div class=\"elementor-element elementor-element-3f52e79f e-con-full e-flex e-con e-child\" data-id=\"3f52e79f\" data-element_type=\"container\" data-e-type=\"container\">\n\t\t\t\t<div class=\"elementor-element elementor-element-14709d6 elementor-widget elementor-widget-heading\" data-id=\"14709d6\" data-element_type=\"widget\" data-e-type=\"widget\" data-widget_type=\"heading.default\">\n\t\t\t\t<div class=\"elementor-widget-container\">\n\t\t\t\t\t<h2 class=\"elementor-heading-title elementor-size-default\">Nuestos productos<\/h2>\t\t\t\t<\/div>\n\t\t\t\t<\/div>\n\t\t\t\t<\/div>\n\t\t\t\t\t<\/div>\n\t\t\t\t<\/div>\n\t\t<div class=\"elementor-element elementor-element-25b6ee3f e-flex e-con-boxed e-con e-parent\" data-id=\"25b6ee3f\" data-element_type=\"container\" data-e-type=\"container\" data-settings=\"{&quot;background_background&quot;:&quot;classic&quot;}\">\n\t\t\t\t\t<div class=\"e-con-inner\">\n\t\t<div class=\"elementor-element elementor-element-5dc8bb75 e-con-full e-flex e-con e-child\" data-id=\"5dc8bb75\" data-element_type=\"container\" data-e-type=\"container\">\n\t\t\t\t<div class=\"elementor-element elementor-element-70f2238b elementor-position-top elementor-widget elementor-widget-image-box\" data-id=\"70f2238b\" data-element_type=\"widget\" data-e-type=\"widget\" data-widget_type=\"image-box.default\">\n\t\t\t\t<div class=\"elementor-widget-container\">\n\t\t\t\t\t<div class=\"elementor-image-box-wrapper\"><figure class=\"elementor-image-box-img\"><img fetchpriority=\"high\" decoding=\"async\" width=\"1200\" height=\"1200\" src=\"https:\/\/www.zakx.com.mx\/wp-content\/uploads\/2024\/01\/Bolsa-de-malla-B.jpg\" class=\"attachment-full size-full wp-image-471\" alt=\"\" srcset=\"https:\/\/www.zakx.com.mx\/wp-content\/uploads\/2024\/01\/Bolsa-de-malla-B.jpg 1200w, https:\/\/www.zakx.com.mx\/wp-content\/uploads\/2024\/01\/Bolsa-de-malla-B-300x300.jpg 300w, https:\/\/www.zakx.com.mx\/wp-content\/uploads\/2024\/01\/Bolsa-de-malla-B-1024x1024.jpg 1024w, https:\/\/www.zakx.com.mx\/wp-content\/uploads\/2024\/01\/Bolsa-de-malla-B-150x150.jpg 150w, https:\/\/www.zakx.com.mx\/wp-content\/uploads\/2024\/01\/Bolsa-de-malla-B-768x768.jpg 768w, https:\/\/www.zakx.com.mx\/wp-content\/uploads\/2024\/01\/Bolsa-de-malla-B-600x600.jpg 600w\" sizes=\"(max-width: 1200px) 100vw, 1200px\" \/><\/figure><div class=\"elementor-image-box-content\"><h3 class=\"elementor-image-box-title\">BOLSA DE MALLA<\/h3><\/div><\/div>\t\t\t\t<\/div>\n\t\t\t\t<\/div>\n\t\t\t\t<\/div>\n\t\t<div class=\"elementor-element elementor-element-78bf3582 e-con-full e-flex e-con e-child\" data-id=\"78bf3582\" data-element_type=\"container\" data-e-type=\"container\">\n\t\t\t\t<div class=\"elementor-element elementor-element-452e8bc2 elementor-position-top elementor-widget elementor-widget-image-box\" data-id=\"452e8bc2\" data-element_type=\"widget\" data-e-type=\"widget\" data-widget_type=\"image-box.default\">\n\t\t\t\t<div class=\"elementor-widget-container\">\n\t\t\t\t\t<div class=\"elementor-image-box-wrapper\"><figure class=\"elementor-image-box-img\"><img decoding=\"async\" width=\"1200\" height=\"1200\" src=\"https:\/\/www.zakx.com.mx\/wp-content\/uploads\/2024\/01\/Bolsa-de-manta-B.jpg\" class=\"attachment-full size-full wp-image-472\" alt=\"\" srcset=\"https:\/\/www.zakx.com.mx\/wp-content\/uploads\/2024\/01\/Bolsa-de-manta-B.jpg 1200w, https:\/\/www.zakx.com.mx\/wp-content\/uploads\/2024\/01\/Bolsa-de-manta-B-300x300.jpg 300w, https:\/\/www.zakx.com.mx\/wp-content\/uploads\/2024\/01\/Bolsa-de-manta-B-1024x1024.jpg 1024w, https:\/\/www.zakx.com.mx\/wp-content\/uploads\/2024\/01\/Bolsa-de-manta-B-150x150.jpg 150w, https:\/\/www.zakx.com.mx\/wp-content\/uploads\/2024\/01\/Bolsa-de-manta-B-768x768.jpg 768w, https:\/\/www.zakx.com.mx\/wp-content\/uploads\/2024\/01\/Bolsa-de-manta-B-600x600.jpg 600w\" sizes=\"(max-width: 1200px) 100vw, 1200px\" \/><\/figure><div class=\"elementor-image-box-content\"><h3 class=\"elementor-image-box-title\">BOLSA DE MANTA<\/h3><\/div><\/div>\t\t\t\t<\/div>\n\t\t\t\t<\/div>\n\t\t\t\t<\/div>\n\t\t<div class=\"elementor-element elementor-element-62e72c11 e-con-full e-flex e-con e-child\" data-id=\"62e72c11\" data-element_type=\"container\" data-e-type=\"container\">\n\t\t\t\t<div class=\"elementor-element elementor-element-68f9f077 elementor-position-top elementor-widget elementor-widget-image-box\" data-id=\"68f9f077\" data-element_type=\"widget\" data-e-type=\"widget\" data-widget_type=\"image-box.default\">\n\t\t\t\t<div class=\"elementor-widget-container\">\n\t\t\t\t\t<div class=\"elementor-image-box-wrapper\"><figure class=\"elementor-image-box-img\"><img decoding=\"async\" width=\"1200\" height=\"1200\" src=\"https:\/\/www.zakx.com.mx\/wp-content\/uploads\/2024\/01\/Bolsa-de-tela-con-jareta.jpg\" class=\"attachment-full size-full wp-image-473\" alt=\"\" srcset=\"https:\/\/www.zakx.com.mx\/wp-content\/uploads\/2024\/01\/Bolsa-de-tela-con-jareta.jpg 1200w, https:\/\/www.zakx.com.mx\/wp-content\/uploads\/2024\/01\/Bolsa-de-tela-con-jareta-300x300.jpg 300w, https:\/\/www.zakx.com.mx\/wp-content\/uploads\/2024\/01\/Bolsa-de-tela-con-jareta-1024x1024.jpg 1024w, https:\/\/www.zakx.com.mx\/wp-content\/uploads\/2024\/01\/Bolsa-de-tela-con-jareta-150x150.jpg 150w, https:\/\/www.zakx.com.mx\/wp-content\/uploads\/2024\/01\/Bolsa-de-tela-con-jareta-768x768.jpg 768w, https:\/\/www.zakx.com.mx\/wp-content\/uploads\/2024\/01\/Bolsa-de-tela-con-jareta-600x600.jpg 600w\" sizes=\"(max-width: 1200px) 100vw, 1200px\" \/><\/figure><div class=\"elementor-image-box-content\"><h3 class=\"elementor-image-box-title\">BOLSA DE TELA<\/h3><p class=\"elementor-image-box-description\">Con Jareta<\/p><\/div><\/div>\t\t\t\t<\/div>\n\t\t\t\t<\/div>\n\t\t\t\t<\/div>\n\t\t\t\t\t<\/div>\n\t\t\t\t<\/div>\n\t\t<div class=\"elementor-element elementor-element-2af43878 e-flex e-con-boxed e-con e-parent\" data-id=\"2af43878\" data-element_type=\"container\" data-e-type=\"container\" data-settings=\"{&quot;background_background&quot;:&quot;classic&quot;}\">\n\t\t\t\t\t<div class=\"e-con-inner\">\n\t\t<div class=\"elementor-element elementor-element-7a428be5 e-con-full e-flex e-con e-child\" data-id=\"7a428be5\" data-element_type=\"container\" data-e-type=\"container\">\n\t\t\t\t<div class=\"elementor-element elementor-element-3021eb48 elementor-position-top elementor-widget elementor-widget-image-box\" data-id=\"3021eb48\" data-element_type=\"widget\" data-e-type=\"widget\" data-widget_type=\"image-box.default\">\n\t\t\t\t<div class=\"elementor-widget-container\">\n\t\t\t\t\t<div class=\"elementor-image-box-wrapper\"><figure class=\"elementor-image-box-img\"><img loading=\"lazy\" decoding=\"async\" width=\"1200\" height=\"1200\" src=\"https:\/\/www.zakx.com.mx\/wp-content\/uploads\/2024\/01\/Bolsa-de-Yute-asa-de-tela-1.jpg\" class=\"attachment-full size-full wp-image-474\" alt=\"\" srcset=\"https:\/\/www.zakx.com.mx\/wp-content\/uploads\/2024\/01\/Bolsa-de-Yute-asa-de-tela-1.jpg 1200w, https:\/\/www.zakx.com.mx\/wp-content\/uploads\/2024\/01\/Bolsa-de-Yute-asa-de-tela-1-300x300.jpg 300w, https:\/\/www.zakx.com.mx\/wp-content\/uploads\/2024\/01\/Bolsa-de-Yute-asa-de-tela-1-1024x1024.jpg 1024w, https:\/\/www.zakx.com.mx\/wp-content\/uploads\/2024\/01\/Bolsa-de-Yute-asa-de-tela-1-150x150.jpg 150w, https:\/\/www.zakx.com.mx\/wp-content\/uploads\/2024\/01\/Bolsa-de-Yute-asa-de-tela-1-768x768.jpg 768w, https:\/\/www.zakx.com.mx\/wp-content\/uploads\/2024\/01\/Bolsa-de-Yute-asa-de-tela-1-600x600.jpg 600w\" sizes=\"(max-width: 1200px) 100vw, 1200px\" \/><\/figure><div class=\"elementor-image-box-content\"><h3 class=\"elementor-image-box-title\">BOLSA DE YUTE<\/h3><\/div><\/div>\t\t\t\t<\/div>\n\t\t\t\t<\/div>\n\t\t\t\t<\/div>\n\t\t<div class=\"elementor-element elementor-element-3c58926d e-con-full e-flex e-con e-child\" data-id=\"3c58926d\" data-element_type=\"container\" data-e-type=\"container\">\n\t\t\t\t<div class=\"elementor-element elementor-element-51b8e515 elementor-position-top elementor-widget elementor-widget-image-box\" data-id=\"51b8e515\" data-element_type=\"widget\" data-e-type=\"widget\" data-widget_type=\"image-box.default\">\n\t\t\t\t<div class=\"elementor-widget-container\">\n\t\t\t\t\t<div class=\"elementor-image-box-wrapper\"><figure class=\"elementor-image-box-img\"><img loading=\"lazy\" decoding=\"async\" width=\"1780\" height=\"1780\" src=\"https:\/\/www.zakx.com.mx\/wp-content\/uploads\/2024\/01\/Ecologicas-Non-woven.jpg\" class=\"attachment-full size-full wp-image-475\" alt=\"\" srcset=\"https:\/\/www.zakx.com.mx\/wp-content\/uploads\/2024\/01\/Ecologicas-Non-woven.jpg 1780w, https:\/\/www.zakx.com.mx\/wp-content\/uploads\/2024\/01\/Ecologicas-Non-woven-300x300.jpg 300w, https:\/\/www.zakx.com.mx\/wp-content\/uploads\/2024\/01\/Ecologicas-Non-woven-1024x1024.jpg 1024w, https:\/\/www.zakx.com.mx\/wp-content\/uploads\/2024\/01\/Ecologicas-Non-woven-150x150.jpg 150w, https:\/\/www.zakx.com.mx\/wp-content\/uploads\/2024\/01\/Ecologicas-Non-woven-768x768.jpg 768w, https:\/\/www.zakx.com.mx\/wp-content\/uploads\/2024\/01\/Ecologicas-Non-woven-1536x1536.jpg 1536w, https:\/\/www.zakx.com.mx\/wp-content\/uploads\/2024\/01\/Ecologicas-Non-woven-600x600.jpg 600w\" sizes=\"(max-width: 1780px) 100vw, 1780px\" \/><\/figure><div class=\"elementor-image-box-content\"><h3 class=\"elementor-image-box-title\">NON WOVEN<\/h3><\/div><\/div>\t\t\t\t<\/div>\n\t\t\t\t<\/div>\n\t\t\t\t<\/div>\n\t\t\t\t\t<\/div>\n\t\t\t\t<\/div>\n\t\t<div class=\"elementor-element elementor-element-74343f89 e-flex e-con-boxed e-con e-parent\" data-id=\"74343f89\" data-element_type=\"container\" data-e-type=\"container\" id=\"contacto\">\n\t\t\t\t\t<div class=\"e-con-inner\">\n\t\t\t\t<div class=\"elementor-element elementor-element-77a7a024 elementor-widget elementor-widget-heading\" data-id=\"77a7a024\" data-element_type=\"widget\" data-e-type=\"widget\" data-widget_type=\"heading.default\">\n\t\t\t\t<div class=\"elementor-widget-container\">\n\t\t\t\t\t<h2 class=\"elementor-heading-title elementor-size-default\">Cont\u00e1ctanos<\/h2>\t\t\t\t<\/div>\n\t\t\t\t<\/div>\n\t\t<div class=\"elementor-element elementor-element-ffaf772 e-flex e-con-boxed e-con e-child\" data-id=\"ffaf772\" data-element_type=\"container\" data-e-type=\"container\">\n\t\t\t\t\t<div class=\"e-con-inner\">\n\t\t<div class=\"elementor-element elementor-element-0dd8a76 e-con-full e-flex e-con e-child\" data-id=\"0dd8a76\" data-element_type=\"container\" data-e-type=\"container\">\n\t\t\t\t<div class=\"elementor-element elementor-element-8aafdaf elementor-widget elementor-widget-text-editor\" data-id=\"8aafdaf\" data-element_type=\"widget\" data-e-type=\"widget\" data-widget_type=\"text-editor.default\">\n\t\t\t\t<div class=\"elementor-widget-container\">\n\t\t\t\t\t\t\t\t\t<h2><em><strong>\u00a1Nos encantar\u00eda escucharte y estar en contacto contigo!.<\/strong><br><\/em><\/h2>\n<p><strong>Informaci\u00f3n de Contacto:<\/strong><\/p>\n<p><strong>Tel\u00e9fono:<\/strong>&nbsp;55 6878 8977<br><strong>Correo Electr\u00f3nico:&nbsp;<\/strong><a style=\"font-size: 14px; background-color: #ffffff;\" href=\"mailto:contacto@zakx.com.mx\">contacto@zakx.com.mx<\/a><\/p>\n<p><strong>Horario de Atenci\u00f3n:<\/strong> <br>Lunes a Viernes: 9:00 AM &#8211; 6:00 PM<\/p>\t\t\t\t\t\t\t\t<\/div>\n\t\t\t\t<\/div>\n\t\t\t\t<\/div>\n\t\t<div class=\"elementor-element elementor-element-d4813ca e-con-full e-flex e-con e-child\" data-id=\"d4813ca\" data-element_type=\"container\" data-e-type=\"container\">\n\t\t\t\t<div class=\"elementor-element elementor-element-3cf3c2c elementor-widget elementor-widget-html\" data-id=\"3cf3c2c\" data-element_type=\"widget\" data-e-type=\"widget\" data-widget_type=\"html.default\">\n\t\t\t\t<div class=\"elementor-widget-container\">\n\t\t\t\t\t<!-- form.123formbuilder.com script begins here -->\n<script type=\"text\/javascript\" defer src=\"https:\/\/form.123formbuilder.com\/embed\/6579268.js\" data-role=\"form\" data-default-width=\"800px\" data-custom-vars=\"hasEmbedFormStyle=1&hasTransparentBg=1\"><\/script>\n<!-- form.123formbuilder.com script ends here -->\t\t\t\t<\/div>\n\t\t\t\t<\/div>\n\t\t\t\t<\/div>\n\t\t\t\t\t<\/div>\n\t\t\t\t<\/div>\n\t\t\t\t\t<\/div>\n\t\t\t\t<\/div>\n\t\t<div class=\"elementor-element elementor-element-20aa6e33 e-flex e-con-boxed e-con e-parent\" data-id=\"20aa6e33\" data-element_type=\"container\" data-e-type=\"container\">\n\t\t\t\t\t<div class=\"e-con-inner\">\n\t\t\t\t<div class=\"elementor-element elementor-element-3f488545 elementor-widget elementor-widget-google_maps\" data-id=\"3f488545\" data-element_type=\"widget\" data-e-type=\"widget\" data-widget_type=\"google_maps.default\">\n\t\t\t\t<div class=\"elementor-widget-container\">\n\t\t\t\t\t\t\t<div class=\"elementor-custom-embed\">\n\t\t\t<iframe loading=\"lazy\"\n\t\t\t\t\tsrc=\"https:\/\/maps.google.com\/maps?q=Av.%20Ej%C3%A9rcito%20Nacional%20Mexicano%20533&#038;t=m&#038;z=15&#038;output=embed&#038;iwloc=near\"\n\t\t\t\t\ttitle=\"Av. Ej\u00e9rcito Nacional Mexicano 533\"\n\t\t\t\t\taria-label=\"Av. Ej\u00e9rcito Nacional Mexicano 533\"\n\t\t\t><\/iframe>\n\t\t<\/div>\n\t\t\t\t\t\t<\/div>\n\t\t\t\t<\/div>\n\t\t\t\t\t<\/div>\n\t\t\t\t<\/div>\n\t\t\t\t<\/div>\n\t\t","protected":false},"excerpt":{"rendered":"<p>bolsas ecol\u00f3gicas Tama\u00f1o y dise\u00f1o personalizado Elaboradas en diversos tipos de materiales y tama\u00f1os, con impresi\u00f3n en serigraf\u00eda o selecci\u00f3n a color y plastificadas, con asas del mismo material de la bolsa o de acuerdo a la necesidad del cliente. Nuestos productos BOLSA DE MALLA BOLSA DE MANTA BOLSA DE TELA Con Jareta BOLSA DE [&hellip;]<\/p>\n","protected":false},"author":1,"featured_media":0,"parent":0,"menu_order":0,"comment_status":"closed","ping_status":"closed","template":"elementor_header_footer","meta":{"ocean_post_layout":"","ocean_both_sidebars_style":"","ocean_both_sidebars_content_width":0,"ocean_both_sidebars_sidebars_width":0,"ocean_sidebar":"","ocean_second_sidebar":"","ocean_disable_margins":"enable","ocean_add_body_class":"","ocean_shortcode_before_top_bar":"","ocean_shortcode_after_top_bar":"","ocean_shortcode_before_header":"","ocean_shortcode_after_header":"","ocean_has_shortcode":"","ocean_shortcode_after_title":"","ocean_shortcode_before_footer_widgets":"","ocean_shortcode_after_footer_widgets":"","ocean_shortcode_before_footer_bottom":"","ocean_shortcode_after_footer_bottom":"","ocean_display_top_bar":"default","ocean_display_header":"default","ocean_header_style":"","ocean_center_header_left_menu":"","ocean_custom_header_template":"","ocean_custom_logo":0,"ocean_custom_retina_logo":0,"ocean_custom_logo_max_width":0,"ocean_custom_logo_tablet_max_width":0,"ocean_custom_logo_mobile_max_width":0,"ocean_custom_logo_max_height":0,"ocean_custom_logo_tablet_max_height":0,"ocean_custom_logo_mobile_max_height":0,"ocean_header_custom_menu":"","ocean_menu_typo_font_family":"","ocean_menu_typo_font_subset":"","ocean_menu_typo_font_size":0,"ocean_menu_typo_font_size_tablet":0,"ocean_menu_typo_font_size_mobile":0,"ocean_menu_typo_font_size_unit":"px","ocean_menu_typo_font_weight":"","ocean_menu_typo_font_weight_tablet":"","ocean_menu_typo_font_weight_mobile":"","ocean_menu_typo_transform":"","ocean_menu_typo_transform_tablet":"","ocean_menu_typo_transform_mobile":"","ocean_menu_typo_line_height":0,"ocean_menu_typo_line_height_tablet":0,"ocean_menu_typo_line_height_mobile":0,"ocean_menu_typo_line_height_unit":"","ocean_menu_typo_spacing":0,"ocean_menu_typo_spacing_tablet":0,"ocean_menu_typo_spacing_mobile":0,"ocean_menu_typo_spacing_unit":"","ocean_menu_link_color":"","ocean_menu_link_color_hover":"","ocean_menu_link_color_active":"","ocean_menu_link_background":"","ocean_menu_link_hover_background":"","ocean_menu_link_active_background":"","ocean_menu_social_links_bg":"","ocean_menu_social_hover_links_bg":"","ocean_menu_social_links_color":"","ocean_menu_social_hover_links_color":"","ocean_disable_title":"default","ocean_disable_heading":"default","ocean_post_title":"","ocean_post_subheading":"","ocean_post_title_style":"","ocean_post_title_background_color":"","ocean_post_title_background":0,"ocean_post_title_bg_image_position":"","ocean_post_title_bg_image_attachment":"","ocean_post_title_bg_image_repeat":"","ocean_post_title_bg_image_size":"","ocean_post_title_height":0,"ocean_post_title_bg_overlay":0.5,"ocean_post_title_bg_overlay_color":"","ocean_disable_breadcrumbs":"default","ocean_breadcrumbs_color":"","ocean_breadcrumbs_separator_color":"","ocean_breadcrumbs_links_color":"","ocean_breadcrumbs_links_hover_color":"","ocean_display_footer_widgets":"default","ocean_display_footer_bottom":"default","ocean_custom_footer_template":"","footnotes":""},"class_list":["post-216","page","type-page","status-publish","hentry","entry"],"_links":{"self":[{"href":"https:\/\/www.zakx.com.mx\/index.php?rest_route=\/wp\/v2\/pages\/216","targetHints":{"allow":["GET"]}}],"collection":[{"href":"https:\/\/www.zakx.com.mx\/index.php?rest_route=\/wp\/v2\/pages"}],"about":[{"href":"https:\/\/www.zakx.com.mx\/index.php?rest_route=\/wp\/v2\/types\/page"}],"author":[{"embeddable":true,"href":"https:\/\/www.zakx.com.mx\/index.php?rest_route=\/wp\/v2\/users\/1"}],"replies":[{"embeddable":true,"href":"https:\/\/www.zakx.com.mx\/index.php?rest_route=%2Fwp%2Fv2%2Fcomments&post=216"}],"version-history":[{"count":28,"href":"https:\/\/www.zakx.com.mx\/index.php?rest_route=\/wp\/v2\/pages\/216\/revisions"}],"predecessor-version":[{"id":721,"href":"https:\/\/www.zakx.com.mx\/index.php?rest_route=\/wp\/v2\/pages\/216\/revisions\/721"}],"wp:attachment":[{"href":"https:\/\/www.zakx.com.mx\/index.php?rest_route=%2Fwp%2Fv2%2Fmedia&parent=216"}],"curies":[{"name":"wp","href":"https:\/\/api.w.org\/{rel}","templated":true}]}}