{"id":218,"date":"2023-12-20T00:10:21","date_gmt":"2023-12-20T00:10:21","guid":{"rendered":"https:\/\/www.zakx.com.mx\/?page_id=218"},"modified":"2024-03-13T19:36:01","modified_gmt":"2024-03-13T19:36:01","slug":"bolsas-polietileno-polipropileno","status":"publish","type":"page","link":"https:\/\/www.zakx.com.mx\/?page_id=218","title":{"rendered":"Bolsas de Polietileno y polipropileno"},"content":{"rendered":"\t\t<div data-elementor-type=\"wp-page\" data-elementor-id=\"218\" class=\"elementor elementor-218\">\n\t\t\t\t<div class=\"elementor-element elementor-element-4eedcf0 e-con-full e-flex e-con e-parent\" data-id=\"4eedcf0\" data-element_type=\"container\" data-e-type=\"container\" data-settings=\"{&quot;background_background&quot;:&quot;classic&quot;}\">\n\t\t<div class=\"elementor-element elementor-element-6631889b e-flex e-con-boxed e-con e-child\" data-id=\"6631889b\" data-element_type=\"container\" data-e-type=\"container\">\n\t\t\t\t\t<div class=\"e-con-inner\">\n\t\t\t\t<div class=\"elementor-element elementor-element-7bb64e87 elementor-widget elementor-widget-heading\" data-id=\"7bb64e87\" data-element_type=\"widget\" data-e-type=\"widget\" data-widget_type=\"heading.default\">\n\t\t\t\t<div class=\"elementor-widget-container\">\n\t\t\t\t\t<h2 class=\"elementor-heading-title elementor-size-default\">Bolsas de Polietileno, Polipropileno, BOPP y alto vac\u00edo<\/h2>\t\t\t\t<\/div>\n\t\t\t\t<\/div>\n\t\t\t\t\t<\/div>\n\t\t\t\t<\/div>\n\t\t\t\t<\/div>\n\t\t<div class=\"elementor-element elementor-element-9ce59fb e-flex e-con-boxed e-con e-parent\" data-id=\"9ce59fb\" data-element_type=\"container\" data-e-type=\"container\" data-settings=\"{&quot;background_background&quot;:&quot;classic&quot;}\">\n\t\t\t\t\t<div class=\"e-con-inner\">\n\t\t<div class=\"elementor-element elementor-element-53049a22 e-con-full e-flex e-con e-child\" data-id=\"53049a22\" data-element_type=\"container\" data-e-type=\"container\">\n\t\t\t\t<div class=\"elementor-element elementor-element-33e85914 elementor-widget elementor-widget-heading\" data-id=\"33e85914\" data-element_type=\"widget\" data-e-type=\"widget\" data-widget_type=\"heading.default\">\n\t\t\t\t<div class=\"elementor-widget-container\">\n\t\t\t\t\t<h2 class=\"elementor-heading-title elementor-size-default\">Tama\u00f1o y dise\u00f1o personalizado<\/h2>\t\t\t\t<\/div>\n\t\t\t\t<\/div>\n\t\t\t\t<div class=\"elementor-element elementor-element-7d3bcd9e elementor-widget elementor-widget-text-editor\" data-id=\"7d3bcd9e\" data-element_type=\"widget\" data-e-type=\"widget\" data-widget_type=\"text-editor.default\">\n\t\t\t\t<div class=\"elementor-widget-container\">\n\t\t\t\t\t\t\t\t\t<p>Actualmente le ofrecemos bolsas totalmente compatibles con el medio ambiente, se elaboran con materiales compostables, con impresiones desde 1 hasta 8 tintas.<\/p>\t\t\t\t\t\t\t\t<\/div>\n\t\t\t\t<\/div>\n\t\t\t\t<\/div>\n\t\t\t\t\t<\/div>\n\t\t\t\t<\/div>\n\t\t<div class=\"elementor-element elementor-element-4b540242 e-flex e-con-boxed e-con e-parent\" data-id=\"4b540242\" data-element_type=\"container\" data-e-type=\"container\" data-settings=\"{&quot;background_background&quot;:&quot;classic&quot;}\">\n\t\t\t\t\t<div class=\"e-con-inner\">\n\t\t<div class=\"elementor-element elementor-element-427f715d e-con-full e-flex e-con e-child\" data-id=\"427f715d\" data-element_type=\"container\" data-e-type=\"container\">\n\t\t\t\t<div class=\"elementor-element elementor-element-70926023 elementor-widget elementor-widget-heading\" data-id=\"70926023\" data-element_type=\"widget\" data-e-type=\"widget\" data-widget_type=\"heading.default\">\n\t\t\t\t<div class=\"elementor-widget-container\">\n\t\t\t\t\t<h2 class=\"elementor-heading-title elementor-size-default\">Nuestos productos<\/h2>\t\t\t\t<\/div>\n\t\t\t\t<\/div>\n\t\t\t\t<\/div>\n\t\t\t\t\t<\/div>\n\t\t\t\t<\/div>\n\t\t<div class=\"elementor-element elementor-element-5547c0a7 e-flex e-con-boxed e-con e-parent\" data-id=\"5547c0a7\" data-element_type=\"container\" data-e-type=\"container\" data-settings=\"{&quot;background_background&quot;:&quot;classic&quot;}\">\n\t\t\t\t\t<div class=\"e-con-inner\">\n\t\t<div class=\"elementor-element elementor-element-2ef40ca4 e-con-full e-flex e-con e-child\" data-id=\"2ef40ca4\" data-element_type=\"container\" data-e-type=\"container\">\n\t\t\t\t<div class=\"elementor-element elementor-element-6e0614db elementor-position-top elementor-widget elementor-widget-image-box\" data-id=\"6e0614db\" data-element_type=\"widget\" data-e-type=\"widget\" data-widget_type=\"image-box.default\">\n\t\t\t\t<div class=\"elementor-widget-container\">\n\t\t\t\t\t<div class=\"elementor-image-box-wrapper\"><figure class=\"elementor-image-box-img\"><img fetchpriority=\"high\" decoding=\"async\" width=\"1200\" height=\"1200\" src=\"https:\/\/www.zakx.com.mx\/wp-content\/uploads\/2024\/01\/Bolsa-BOPP-1.jpg\" class=\"attachment-full size-full wp-image-480\" alt=\"\" srcset=\"https:\/\/www.zakx.com.mx\/wp-content\/uploads\/2024\/01\/Bolsa-BOPP-1.jpg 1200w, https:\/\/www.zakx.com.mx\/wp-content\/uploads\/2024\/01\/Bolsa-BOPP-1-300x300.jpg 300w, https:\/\/www.zakx.com.mx\/wp-content\/uploads\/2024\/01\/Bolsa-BOPP-1-1024x1024.jpg 1024w, https:\/\/www.zakx.com.mx\/wp-content\/uploads\/2024\/01\/Bolsa-BOPP-1-150x150.jpg 150w, https:\/\/www.zakx.com.mx\/wp-content\/uploads\/2024\/01\/Bolsa-BOPP-1-768x768.jpg 768w, https:\/\/www.zakx.com.mx\/wp-content\/uploads\/2024\/01\/Bolsa-BOPP-1-600x600.jpg 600w\" sizes=\"(max-width: 1200px) 100vw, 1200px\" \/><\/figure><div class=\"elementor-image-box-content\"><h3 class=\"elementor-image-box-title\">BOLSA BOPP<\/h3><\/div><\/div>\t\t\t\t<\/div>\n\t\t\t\t<\/div>\n\t\t\t\t<\/div>\n\t\t<div class=\"elementor-element elementor-element-f7fea10 e-con-full e-flex e-con e-child\" data-id=\"f7fea10\" data-element_type=\"container\" data-e-type=\"container\">\n\t\t\t\t<div class=\"elementor-element elementor-element-8839e0f elementor-position-top elementor-widget elementor-widget-image-box\" data-id=\"8839e0f\" data-element_type=\"widget\" data-e-type=\"widget\" data-widget_type=\"image-box.default\">\n\t\t\t\t<div class=\"elementor-widget-container\">\n\t\t\t\t\t<div class=\"elementor-image-box-wrapper\"><figure class=\"elementor-image-box-img\"><img decoding=\"async\" width=\"1200\" height=\"1200\" src=\"https:\/\/www.zakx.com.mx\/wp-content\/uploads\/2024\/01\/Bolsa-de-alto-vacio-metalizado.jpg\" class=\"attachment-full size-full wp-image-481\" alt=\"\" srcset=\"https:\/\/www.zakx.com.mx\/wp-content\/uploads\/2024\/01\/Bolsa-de-alto-vacio-metalizado.jpg 1200w, https:\/\/www.zakx.com.mx\/wp-content\/uploads\/2024\/01\/Bolsa-de-alto-vacio-metalizado-300x300.jpg 300w, https:\/\/www.zakx.com.mx\/wp-content\/uploads\/2024\/01\/Bolsa-de-alto-vacio-metalizado-1024x1024.jpg 1024w, https:\/\/www.zakx.com.mx\/wp-content\/uploads\/2024\/01\/Bolsa-de-alto-vacio-metalizado-150x150.jpg 150w, https:\/\/www.zakx.com.mx\/wp-content\/uploads\/2024\/01\/Bolsa-de-alto-vacio-metalizado-768x768.jpg 768w, https:\/\/www.zakx.com.mx\/wp-content\/uploads\/2024\/01\/Bolsa-de-alto-vacio-metalizado-600x600.jpg 600w\" sizes=\"(max-width: 1200px) 100vw, 1200px\" \/><\/figure><div class=\"elementor-image-box-content\"><h3 class=\"elementor-image-box-title\">ALTO VAC\u00cdO METALIZADO<\/h3><\/div><\/div>\t\t\t\t<\/div>\n\t\t\t\t<\/div>\n\t\t\t\t<\/div>\n\t\t<div class=\"elementor-element elementor-element-23bad061 e-con-full e-flex e-con e-child\" data-id=\"23bad061\" data-element_type=\"container\" data-e-type=\"container\">\n\t\t\t\t<div class=\"elementor-element elementor-element-4c3e2f0c elementor-position-top elementor-widget elementor-widget-image-box\" data-id=\"4c3e2f0c\" data-element_type=\"widget\" data-e-type=\"widget\" data-widget_type=\"image-box.default\">\n\t\t\t\t<div class=\"elementor-widget-container\">\n\t\t\t\t\t<div class=\"elementor-image-box-wrapper\"><figure class=\"elementor-image-box-img\"><img decoding=\"async\" width=\"1950\" height=\"1950\" src=\"https:\/\/www.zakx.com.mx\/wp-content\/uploads\/2024\/01\/Bolsa-de-alto-vacio.jpg\" class=\"attachment-full size-full wp-image-482\" alt=\"\" srcset=\"https:\/\/www.zakx.com.mx\/wp-content\/uploads\/2024\/01\/Bolsa-de-alto-vacio.jpg 1950w, https:\/\/www.zakx.com.mx\/wp-content\/uploads\/2024\/01\/Bolsa-de-alto-vacio-300x300.jpg 300w, https:\/\/www.zakx.com.mx\/wp-content\/uploads\/2024\/01\/Bolsa-de-alto-vacio-1024x1024.jpg 1024w, https:\/\/www.zakx.com.mx\/wp-content\/uploads\/2024\/01\/Bolsa-de-alto-vacio-150x150.jpg 150w, https:\/\/www.zakx.com.mx\/wp-content\/uploads\/2024\/01\/Bolsa-de-alto-vacio-768x768.jpg 768w, https:\/\/www.zakx.com.mx\/wp-content\/uploads\/2024\/01\/Bolsa-de-alto-vacio-1536x1536.jpg 1536w, https:\/\/www.zakx.com.mx\/wp-content\/uploads\/2024\/01\/Bolsa-de-alto-vacio-600x600.jpg 600w\" sizes=\"(max-width: 1950px) 100vw, 1950px\" \/><\/figure><div class=\"elementor-image-box-content\"><h3 class=\"elementor-image-box-title\">BOLSA DE ALTO VAC\u00cdO<\/h3><\/div><\/div>\t\t\t\t<\/div>\n\t\t\t\t<\/div>\n\t\t\t\t<\/div>\n\t\t<div class=\"elementor-element elementor-element-76f0fb3a e-con-full e-flex e-con e-child\" data-id=\"76f0fb3a\" data-element_type=\"container\" data-e-type=\"container\">\n\t\t\t\t<div class=\"elementor-element elementor-element-220a56bf elementor-position-top elementor-widget elementor-widget-image-box\" data-id=\"220a56bf\" data-element_type=\"widget\" data-e-type=\"widget\" data-widget_type=\"image-box.default\">\n\t\t\t\t<div class=\"elementor-widget-container\">\n\t\t\t\t\t<div class=\"elementor-image-box-wrapper\"><figure class=\"elementor-image-box-img\"><img loading=\"lazy\" decoding=\"async\" width=\"1200\" height=\"1200\" src=\"https:\/\/www.zakx.com.mx\/wp-content\/uploads\/2024\/01\/Bolsa-de-celofan.jpg\" class=\"attachment-full size-full wp-image-483\" alt=\"\" srcset=\"https:\/\/www.zakx.com.mx\/wp-content\/uploads\/2024\/01\/Bolsa-de-celofan.jpg 1200w, https:\/\/www.zakx.com.mx\/wp-content\/uploads\/2024\/01\/Bolsa-de-celofan-300x300.jpg 300w, https:\/\/www.zakx.com.mx\/wp-content\/uploads\/2024\/01\/Bolsa-de-celofan-1024x1024.jpg 1024w, https:\/\/www.zakx.com.mx\/wp-content\/uploads\/2024\/01\/Bolsa-de-celofan-150x150.jpg 150w, https:\/\/www.zakx.com.mx\/wp-content\/uploads\/2024\/01\/Bolsa-de-celofan-768x768.jpg 768w, https:\/\/www.zakx.com.mx\/wp-content\/uploads\/2024\/01\/Bolsa-de-celofan-600x600.jpg 600w\" sizes=\"(max-width: 1200px) 100vw, 1200px\" \/><\/figure><div class=\"elementor-image-box-content\"><h3 class=\"elementor-image-box-title\">BOLSA DE CELOF\u00c1N<\/h3><\/div><\/div>\t\t\t\t<\/div>\n\t\t\t\t<\/div>\n\t\t\t\t<\/div>\n\t\t\t\t\t<\/div>\n\t\t\t\t<\/div>\n\t\t<div class=\"elementor-element elementor-element-212fc6fd e-flex e-con-boxed e-con e-parent\" data-id=\"212fc6fd\" data-element_type=\"container\" data-e-type=\"container\" data-settings=\"{&quot;background_background&quot;:&quot;classic&quot;}\">\n\t\t\t\t\t<div class=\"e-con-inner\">\n\t\t<div class=\"elementor-element elementor-element-373d0660 e-con-full e-flex e-con e-child\" data-id=\"373d0660\" data-element_type=\"container\" data-e-type=\"container\">\n\t\t\t\t<div class=\"elementor-element elementor-element-24383ef elementor-position-top elementor-widget elementor-widget-image-box\" data-id=\"24383ef\" data-element_type=\"widget\" data-e-type=\"widget\" data-widget_type=\"image-box.default\">\n\t\t\t\t<div class=\"elementor-widget-container\">\n\t\t\t\t\t<div class=\"elementor-image-box-wrapper\"><figure class=\"elementor-image-box-img\"><img loading=\"lazy\" decoding=\"async\" width=\"1200\" height=\"1200\" src=\"https:\/\/www.zakx.com.mx\/wp-content\/uploads\/2024\/01\/Bolsa-de-polietileno.jpg\" class=\"attachment-full size-full wp-image-484\" alt=\"\" srcset=\"https:\/\/www.zakx.com.mx\/wp-content\/uploads\/2024\/01\/Bolsa-de-polietileno.jpg 1200w, https:\/\/www.zakx.com.mx\/wp-content\/uploads\/2024\/01\/Bolsa-de-polietileno-300x300.jpg 300w, https:\/\/www.zakx.com.mx\/wp-content\/uploads\/2024\/01\/Bolsa-de-polietileno-1024x1024.jpg 1024w, https:\/\/www.zakx.com.mx\/wp-content\/uploads\/2024\/01\/Bolsa-de-polietileno-150x150.jpg 150w, https:\/\/www.zakx.com.mx\/wp-content\/uploads\/2024\/01\/Bolsa-de-polietileno-768x768.jpg 768w, https:\/\/www.zakx.com.mx\/wp-content\/uploads\/2024\/01\/Bolsa-de-polietileno-600x600.jpg 600w\" sizes=\"(max-width: 1200px) 100vw, 1200px\" \/><\/figure><div class=\"elementor-image-box-content\"><h3 class=\"elementor-image-box-title\">BOLSA DE POLIETILENO<\/h3><\/div><\/div>\t\t\t\t<\/div>\n\t\t\t\t<\/div>\n\t\t\t\t<\/div>\n\t\t<div class=\"elementor-element elementor-element-0030e9d e-con-full e-flex e-con e-child\" data-id=\"0030e9d\" data-element_type=\"container\" data-e-type=\"container\">\n\t\t\t\t<div class=\"elementor-element elementor-element-221cd6b elementor-position-top elementor-widget elementor-widget-image-box\" data-id=\"221cd6b\" data-element_type=\"widget\" data-e-type=\"widget\" data-widget_type=\"image-box.default\">\n\t\t\t\t<div class=\"elementor-widget-container\">\n\t\t\t\t\t<div class=\"elementor-image-box-wrapper\"><figure class=\"elementor-image-box-img\"><img loading=\"lazy\" decoding=\"async\" width=\"1200\" height=\"1200\" src=\"https:\/\/www.zakx.com.mx\/wp-content\/uploads\/2024\/01\/Bolsa-de-polipropileno.jpg\" class=\"attachment-full size-full wp-image-485\" alt=\"\" srcset=\"https:\/\/www.zakx.com.mx\/wp-content\/uploads\/2024\/01\/Bolsa-de-polipropileno.jpg 1200w, https:\/\/www.zakx.com.mx\/wp-content\/uploads\/2024\/01\/Bolsa-de-polipropileno-300x300.jpg 300w, https:\/\/www.zakx.com.mx\/wp-content\/uploads\/2024\/01\/Bolsa-de-polipropileno-1024x1024.jpg 1024w, https:\/\/www.zakx.com.mx\/wp-content\/uploads\/2024\/01\/Bolsa-de-polipropileno-150x150.jpg 150w, https:\/\/www.zakx.com.mx\/wp-content\/uploads\/2024\/01\/Bolsa-de-polipropileno-768x768.jpg 768w, https:\/\/www.zakx.com.mx\/wp-content\/uploads\/2024\/01\/Bolsa-de-polipropileno-600x600.jpg 600w\" sizes=\"(max-width: 1200px) 100vw, 1200px\" \/><\/figure><div class=\"elementor-image-box-content\"><h3 class=\"elementor-image-box-title\">BOLSA DE POLIPROPILENO<\/h3><\/div><\/div>\t\t\t\t<\/div>\n\t\t\t\t<\/div>\n\t\t\t\t<\/div>\n\t\t<div class=\"elementor-element elementor-element-a42eaa9 e-con-full e-flex e-con e-child\" data-id=\"a42eaa9\" data-element_type=\"container\" data-e-type=\"container\">\n\t\t\t\t<div class=\"elementor-element elementor-element-97538bf elementor-position-top elementor-widget elementor-widget-image-box\" data-id=\"97538bf\" data-element_type=\"widget\" data-e-type=\"widget\" data-widget_type=\"image-box.default\">\n\t\t\t\t<div class=\"elementor-widget-container\">\n\t\t\t\t\t<div class=\"elementor-image-box-wrapper\"><figure class=\"elementor-image-box-img\"><img loading=\"lazy\" decoding=\"async\" width=\"1200\" height=\"1200\" src=\"https:\/\/www.zakx.com.mx\/wp-content\/uploads\/2024\/01\/Bolsa-para-fruta.jpg\" class=\"attachment-full size-full wp-image-487\" alt=\"\" srcset=\"https:\/\/www.zakx.com.mx\/wp-content\/uploads\/2024\/01\/Bolsa-para-fruta.jpg 1200w, https:\/\/www.zakx.com.mx\/wp-content\/uploads\/2024\/01\/Bolsa-para-fruta-300x300.jpg 300w, https:\/\/www.zakx.com.mx\/wp-content\/uploads\/2024\/01\/Bolsa-para-fruta-1024x1024.jpg 1024w, https:\/\/www.zakx.com.mx\/wp-content\/uploads\/2024\/01\/Bolsa-para-fruta-150x150.jpg 150w, https:\/\/www.zakx.com.mx\/wp-content\/uploads\/2024\/01\/Bolsa-para-fruta-768x768.jpg 768w, https:\/\/www.zakx.com.mx\/wp-content\/uploads\/2024\/01\/Bolsa-para-fruta-600x600.jpg 600w\" sizes=\"(max-width: 1200px) 100vw, 1200px\" \/><\/figure><div class=\"elementor-image-box-content\"><h3 class=\"elementor-image-box-title\">BOLSA PARA FRUTA<\/h3><\/div><\/div>\t\t\t\t<\/div>\n\t\t\t\t<\/div>\n\t\t\t\t<\/div>\n\t\t\t\t\t<\/div>\n\t\t\t\t<\/div>\n\t\t<div class=\"elementor-element elementor-element-5720cab2 e-flex e-con-boxed e-con e-parent\" data-id=\"5720cab2\" data-element_type=\"container\" data-e-type=\"container\" id=\"contacto\">\n\t\t\t\t\t<div class=\"e-con-inner\">\n\t\t\t\t<div class=\"elementor-element elementor-element-51390c33 elementor-widget elementor-widget-heading\" data-id=\"51390c33\" data-element_type=\"widget\" data-e-type=\"widget\" data-widget_type=\"heading.default\">\n\t\t\t\t<div class=\"elementor-widget-container\">\n\t\t\t\t\t<h2 class=\"elementor-heading-title elementor-size-default\">Cont\u00e1ctanos<\/h2>\t\t\t\t<\/div>\n\t\t\t\t<\/div>\n\t\t\t\t\t<\/div>\n\t\t\t\t<\/div>\n\t\t<div class=\"elementor-element elementor-element-6f85db89 e-flex e-con-boxed e-con e-parent\" data-id=\"6f85db89\" data-element_type=\"container\" data-e-type=\"container\">\n\t\t\t\t\t<div class=\"e-con-inner\">\n\t\t<div class=\"elementor-element elementor-element-49b39d4 e-flex e-con-boxed e-con e-child\" data-id=\"49b39d4\" data-element_type=\"container\" data-e-type=\"container\">\n\t\t\t\t\t<div class=\"e-con-inner\">\n\t\t<div class=\"elementor-element elementor-element-60733de e-con-full e-flex e-con e-child\" data-id=\"60733de\" data-element_type=\"container\" data-e-type=\"container\">\n\t\t\t\t<div class=\"elementor-element elementor-element-409b1ed elementor-widget elementor-widget-text-editor\" data-id=\"409b1ed\" data-element_type=\"widget\" data-e-type=\"widget\" data-widget_type=\"text-editor.default\">\n\t\t\t\t<div class=\"elementor-widget-container\">\n\t\t\t\t\t\t\t\t\t<h2><em><strong>\u00a1Nos encantar\u00eda escucharte y estar en contacto contigo!.<\/strong><br><\/em><\/h2>\n<p><strong>Informaci\u00f3n de Contacto:<\/strong><\/p>\n<p><strong>Tel\u00e9fono:<\/strong>&nbsp;55 6878 8977<br><strong>Correo Electr\u00f3nico:&nbsp;<\/strong><a style=\"font-size: 14px; background-color: #ffffff;\" href=\"mailto:contacto@zakx.com.mx\">contacto@zakx.com.mx<\/a><\/p>\n<p><strong>Horario de Atenci\u00f3n:<\/strong> <br>Lunes a Viernes: 9:00 AM &#8211; 6:00 PM<\/p>\t\t\t\t\t\t\t\t<\/div>\n\t\t\t\t<\/div>\n\t\t\t\t<\/div>\n\t\t<div class=\"elementor-element elementor-element-e0d0338 e-con-full e-flex e-con e-child\" data-id=\"e0d0338\" data-element_type=\"container\" data-e-type=\"container\">\n\t\t\t\t<div class=\"elementor-element elementor-element-fea842b elementor-widget elementor-widget-html\" data-id=\"fea842b\" data-element_type=\"widget\" data-e-type=\"widget\" data-widget_type=\"html.default\">\n\t\t\t\t<div class=\"elementor-widget-container\">\n\t\t\t\t\t<!-- form.123formbuilder.com script begins here -->\n<script type=\"text\/javascript\" defer src=\"https:\/\/form.123formbuilder.com\/embed\/6579268.js\" data-role=\"form\" data-default-width=\"800px\" data-custom-vars=\"hasEmbedFormStyle=1&hasTransparentBg=1\"><\/script>\n<!-- form.123formbuilder.com script ends here -->\t\t\t\t<\/div>\n\t\t\t\t<\/div>\n\t\t\t\t<\/div>\n\t\t\t\t\t<\/div>\n\t\t\t\t<\/div>\n\t\t\t\t\t<\/div>\n\t\t\t\t<\/div>\n\t\t<div class=\"elementor-element elementor-element-504fd687 e-flex e-con-boxed e-con e-parent\" data-id=\"504fd687\" data-element_type=\"container\" data-e-type=\"container\">\n\t\t\t\t\t<div class=\"e-con-inner\">\n\t\t\t\t<div class=\"elementor-element elementor-element-38d1cac2 elementor-widget elementor-widget-google_maps\" data-id=\"38d1cac2\" data-element_type=\"widget\" data-e-type=\"widget\" data-widget_type=\"google_maps.default\">\n\t\t\t\t<div class=\"elementor-widget-container\">\n\t\t\t\t\t\t\t<div class=\"elementor-custom-embed\">\n\t\t\t<iframe loading=\"lazy\"\n\t\t\t\t\tsrc=\"https:\/\/maps.google.com\/maps?q=zakx&#038;t=m&#038;z=15&#038;output=embed&#038;iwloc=near\"\n\t\t\t\t\ttitle=\"zakx\"\n\t\t\t\t\taria-label=\"zakx\"\n\t\t\t><\/iframe>\n\t\t<\/div>\n\t\t\t\t\t\t<\/div>\n\t\t\t\t<\/div>\n\t\t\t\t\t<\/div>\n\t\t\t\t<\/div>\n\t\t\t\t<\/div>\n\t\t","protected":false},"excerpt":{"rendered":"<p>Bolsas de Polietileno, Polipropileno, BOPP y alto vac\u00edo Tama\u00f1o y dise\u00f1o personalizado Actualmente le ofrecemos bolsas totalmente compatibles con el medio ambiente, se elaboran con materiales compostables, con impresiones desde 1 hasta 8 tintas. Nuestos productos BOLSA BOPP ALTO VAC\u00cdO METALIZADO BOLSA DE ALTO VAC\u00cdO BOLSA DE CELOF\u00c1N BOLSA DE POLIETILENO BOLSA DE POLIPROPILENO BOLSA [&hellip;]<\/p>\n","protected":false},"author":1,"featured_media":0,"parent":0,"menu_order":0,"comment_status":"closed","ping_status":"closed","template":"elementor_header_footer","meta":{"ocean_post_layout":"","ocean_both_sidebars_style":"","ocean_both_sidebars_content_width":0,"ocean_both_sidebars_sidebars_width":0,"ocean_sidebar":"","ocean_second_sidebar":"","ocean_disable_margins":"enable","ocean_add_body_class":"","ocean_shortcode_before_top_bar":"","ocean_shortcode_after_top_bar":"","ocean_shortcode_before_header":"","ocean_shortcode_after_header":"","ocean_has_shortcode":"","ocean_shortcode_after_title":"","ocean_shortcode_before_footer_widgets":"","ocean_shortcode_after_footer_widgets":"","ocean_shortcode_before_footer_bottom":"","ocean_shortcode_after_footer_bottom":"","ocean_display_top_bar":"default","ocean_display_header":"default","ocean_header_style":"","ocean_center_header_left_menu":"","ocean_custom_header_template":"","ocean_custom_logo":0,"ocean_custom_retina_logo":0,"ocean_custom_logo_max_width":0,"ocean_custom_logo_tablet_max_width":0,"ocean_custom_logo_mobile_max_width":0,"ocean_custom_logo_max_height":0,"ocean_custom_logo_tablet_max_height":0,"ocean_custom_logo_mobile_max_height":0,"ocean_header_custom_menu":"","ocean_menu_typo_font_family":"","ocean_menu_typo_font_subset":"","ocean_menu_typo_font_size":0,"ocean_menu_typo_font_size_tablet":0,"ocean_menu_typo_font_size_mobile":0,"ocean_menu_typo_font_size_unit":"px","ocean_menu_typo_font_weight":"","ocean_menu_typo_font_weight_tablet":"","ocean_menu_typo_font_weight_mobile":"","ocean_menu_typo_transform":"","ocean_menu_typo_transform_tablet":"","ocean_menu_typo_transform_mobile":"","ocean_menu_typo_line_height":0,"ocean_menu_typo_line_height_tablet":0,"ocean_menu_typo_line_height_mobile":0,"ocean_menu_typo_line_height_unit":"","ocean_menu_typo_spacing":0,"ocean_menu_typo_spacing_tablet":0,"ocean_menu_typo_spacing_mobile":0,"ocean_menu_typo_spacing_unit":"","ocean_menu_link_color":"","ocean_menu_link_color_hover":"","ocean_menu_link_color_active":"","ocean_menu_link_background":"","ocean_menu_link_hover_background":"","ocean_menu_link_active_background":"","ocean_menu_social_links_bg":"","ocean_menu_social_hover_links_bg":"","ocean_menu_social_links_color":"","ocean_menu_social_hover_links_color":"","ocean_disable_title":"default","ocean_disable_heading":"default","ocean_post_title":"","ocean_post_subheading":"","ocean_post_title_style":"","ocean_post_title_background_color":"","ocean_post_title_background":0,"ocean_post_title_bg_image_position":"","ocean_post_title_bg_image_attachment":"","ocean_post_title_bg_image_repeat":"","ocean_post_title_bg_image_size":"","ocean_post_title_height":0,"ocean_post_title_bg_overlay":0.5,"ocean_post_title_bg_overlay_color":"","ocean_disable_breadcrumbs":"default","ocean_breadcrumbs_color":"","ocean_breadcrumbs_separator_color":"","ocean_breadcrumbs_links_color":"","ocean_breadcrumbs_links_hover_color":"","ocean_display_footer_widgets":"default","ocean_display_footer_bottom":"default","ocean_custom_footer_template":"","footnotes":""},"class_list":["post-218","page","type-page","status-publish","hentry","entry"],"_links":{"self":[{"href":"https:\/\/www.zakx.com.mx\/index.php?rest_route=\/wp\/v2\/pages\/218","targetHints":{"allow":["GET"]}}],"collection":[{"href":"https:\/\/www.zakx.com.mx\/index.php?rest_route=\/wp\/v2\/pages"}],"about":[{"href":"https:\/\/www.zakx.com.mx\/index.php?rest_route=\/wp\/v2\/types\/page"}],"author":[{"embeddable":true,"href":"https:\/\/www.zakx.com.mx\/index.php?rest_route=\/wp\/v2\/users\/1"}],"replies":[{"embeddable":true,"href":"https:\/\/www.zakx.com.mx\/index.php?rest_route=%2Fwp%2Fv2%2Fcomments&post=218"}],"version-history":[{"count":32,"href":"https:\/\/www.zakx.com.mx\/index.php?rest_route=\/wp\/v2\/pages\/218\/revisions"}],"predecessor-version":[{"id":724,"href":"https:\/\/www.zakx.com.mx\/index.php?rest_route=\/wp\/v2\/pages\/218\/revisions\/724"}],"wp:attachment":[{"href":"https:\/\/www.zakx.com.mx\/index.php?rest_route=%2Fwp%2Fv2%2Fmedia&parent=218"}],"curies":[{"name":"wp","href":"https:\/\/api.w.org\/{rel}","templated":true}]}}